{"id":55,"date":"2020-05-28T06:13:32","date_gmt":"2020-05-28T04:13:32","guid":{"rendered":"https:\/\/www.nurse4you.ch\/?page_id=55"},"modified":"2023-08-29T12:16:32","modified_gmt":"2023-08-29T10:16:32","slug":"angebot","status":"publish","type":"page","link":"https:\/\/www.nurse4you.ch\/index.php\/angebot\/","title":{"rendered":"Angebot"},"content":{"rendered":"\n<p class=\"has-text-align-left has-text-color\" style=\"color:#389c9c;font-size:60px;font-style:normal;font-weight:800\"><strong>Unser Angebot<\/strong><\/p>\n\n\n\n<p>Als Kompetenzzentrum f\u00fcr Gesundheit f\u00f6rdert, unterst\u00fctzt und erm\u00f6glicht Nurse4You mit ihren Leistungen das Wohnen und Leben zu Hause f\u00fcr Menschen, die der Hilfe, Pflege, Behandlung, Betreuung, Begleitung und Beratung sowie der Hilfe zur Selbsthilfe bed\u00fcrfen.&nbsp;<\/p>\n\n\n\n<div style=\"height:0px\" aria-hidden=\"true\" class=\"wp-block-spacer\"><\/div>\n\n\n\n<div class=\"wp-block-columns alignwide are-vertically-aligned-center is-layout-flex wp-container-core-columns-is-layout-1 wp-block-columns-is-layout-flex\">\n<div class=\"wp-block-column is-vertically-aligned-center is-layout-flow wp-block-column-is-layout-flow\">\n<p class=\"has-text-align-left has-text-color\" style=\"color:#389c9c;font-size:20px;font-style:normal;font-weight:800\">&#8211; Allgemeine Beratung<\/p>\n\n\n\n<p class=\"has-text-align-left has-text-color\" style=\"color:#389c9c;font-size:20px;font-style:normal;font-weight:800\">&#8211; Wund Behandlung (inkl. Laser)<\/p>\n\n\n\n<p class=\"has-text-align-left has-text-color\" style=\"color:#389c9c;font-size:20px;font-style:normal;font-weight:800\">&#8211; Lasertherapie<\/p>\n\n\n\n<p class=\"has-text-color\" style=\"color:#389c9c;font-size:20px;font-style:normal;font-weight:800\">&#8211; Darmgesundheit<\/p>\n\n\n\n<p class=\"has-text-align-left has-text-color\" style=\"color:#389c9c;font-size:20px;font-style:normal;font-weight:800\">&#8211; Diabetes Beratung<\/p>\n\n\n\n<p class=\"has-text-align-left has-text-color\" style=\"color:#389c9c;font-size:20px;font-style:normal;font-weight:800\">&#8211; Demenzbetreuung<\/p>\n\n\n\n<p class=\"has-text-align-left has-text-color\" style=\"color:#389c9c;font-size:20px;font-style:normal;font-weight:800\">&#8211; Pflege<\/p>\n<\/div>\n<\/div>\n\n\n\n<div style=\"height:42px\" aria-hidden=\"true\" class=\"wp-block-spacer\"><\/div>\n\n\n\n<p class=\"has-text-align-left has-text-color\" style=\"color:#389c9c;font-size:30px;font-style:normal;font-weight:800\">Diabetesberatung<\/p>\n\n\n\n<p>Diabetes ist eine chronische Stoffwechselerkrankung, bei der der Blutzuckerspiegel dauerhaft erh\u00f6ht ist. Bei Nurse4You helfen wir Ihnen, die Krankheit besser zu verstehen und zu bew\u00e4ltigen. <\/p>\n\n\n\n<p>Mit Informationen zu einer gesunden Ern\u00e4hrung, zu Sport und Bewegung sowie zur richtigen Einnahme von Medikamenten verbessern wir zusammen ihre Lebensqualit\u00e4t. Die Diabetesberatung wird von geschulten Fachpersonen durchgef\u00fchrt.<\/p>\n\n\n\n<div style=\"height:55px\" aria-hidden=\"true\" class=\"wp-block-spacer\"><\/div>\n\n\n\n<p class=\"has-text-align-left has-text-color\" style=\"color:#389c9c;font-size:30px;font-style:normal;font-weight:800\">Wundbehandlung <br>(inkl. Lasertherapie, siehe weiter unten)<\/p>\n\n\n\n<p>Wunden k\u00f6nnen durch Verletzungen, Krankheiten oder Operationen entstehen und m\u00fcssen fachgerecht versorgt werden, um Infektionen zu vermeiden und eine schnelle Heilung zu unterst\u00fctzen. <\/p>\n\n\n\n<p>Je nach Art und Schwere der Wunde kommen verschiedene Behandlungsmethoden wie zum Beispiel Wundreinigung, Verbandwechsel, Kompressions- oder Debridementtherapie zum Einsatz. Bei Nurse4You \u00fcberwachen wir den Heilungsverlauf und passen die Behandlung entsprechend an.<\/p>\n\n\n\n<div style=\"height:55px\" aria-hidden=\"true\" class=\"wp-block-spacer\"><\/div>\n\n\n\n<p class=\"has-text-align-left has-text-color\" style=\"color:#389c9c;font-size:30px;font-style:normal;font-weight:800\">Lasertherapie<\/p>\n\n\n\n<p>Die Lasertherapie nutzt stark geb\u00fcndeltes, energiereiches Laserlicht, um kranke oder verletzte Zellen im K\u00f6rper zu behandeln. Die Lasertherapie bewirkt unter anderem eine schnelle Schmerzlinderung, wirkt entz\u00fcndungshemmend und f\u00f6rdert die Wundheilung. <\/p>\n\n\n\n<p>Die Laserbehandlung ist keine Kassenleistung, jedoch k\u00f6nnen gegebenenfalls die Kosten von Ihrer Zusatzversicherung \u00fcbernommen werden. <\/p>\n\n\n\n<div style=\"height:55px\" aria-hidden=\"true\" class=\"wp-block-spacer\"><\/div>\n\n\n\n<p class=\"has-text-align-left has-text-color\" style=\"color:#389c9c;font-size:30px;font-style:normal;font-weight:800\">Demenzbetreuung<\/p>\n\n\n\n<p>Demenz ist eine Krankheit, die sich durch Ged\u00e4chtnisverlust, Orientierungslosigkeit, Verhaltensauff\u00e4lligkeiten und andere Symptome \u00e4u\u00dfern kann. Menschen mit Demenz ben\u00f6tigen oft eine besondere Betreuung und Unterst\u00fctzung im Alltag. <\/p>\n\n\n\n<p>Nurse4You bietet individuelle Unterst\u00fctzung und Hilfe bei der Bew\u00e4ltigung des Alltags f\u00fcr Menschen mit Demenz. Dazu geh\u00f6rt unter anderem die Unterst\u00fctzung bei der K\u00f6rperpflege, beim Ankleiden, bei der Ern\u00e4hrung und bei der Medikamenteneinnahme. Ausserdem k\u00f6nnen gezielte Aktivierungs- und Besch\u00e4ftigungsangebote gemacht werden, die das Wohlbefinden der betroffenen Person f\u00f6rdern und dazu beitragen, dass sie m\u00f6glichst lange selbstst\u00e4ndig bleiben kann.<\/p>\n\n\n\n<div style=\"height:55px\" aria-hidden=\"true\" class=\"wp-block-spacer\"><\/div>\n\n\n\n<p class=\"has-text-align-left has-text-color\" style=\"color:#389c9c;font-size:30px;font-style:normal;font-weight:800\">Pflege<\/p>\n\n\n\n<p>Nurse4You unterst\u00fctzt und pflegt Menschen jeden Alters, die aufgrund von Krankheit, Alter oder Behinderung Hilfe ben\u00f6tigen. Dazu geh\u00f6rt unter anderem die Unterst\u00fctzung bei der K\u00f6rperpflege, beim Ankleiden, bei der Ern\u00e4hrung und bei der Medikamenteneinnahme.<\/p>\n\n\n\n<p>Die Pflege durch Nurse4You kann auch Hauswirtschaftsdienstleistungen wie Einkaufen, Reinigen und Waschen umfassen oder Unterst\u00fctzung bei der Organisation von Arzt- und Spitalterminen sowie bei der Koordination von Therapien.<\/p>\n\n\n\n<p>Das Ziel von Nurse4You ist es, die betroffene Person optimal zu unterst\u00fctzen und eine m\u00f6glichst hohe Lebensqualit\u00e4t zu gew\u00e4hrleisten. Dabei steht die Wahrung der Selbstst\u00e4ndigkeit und der pers\u00f6nlichen W\u00fcrde der betroffenen Person im Vordergrund. Die Fachpersonen beraten und unterst\u00fctzen auch Angeh\u00f6rige und Bezugspersonen bei der Pflege und Betreuung.<\/p>\n\n\n\n<div style=\"height:55px\" aria-hidden=\"true\" class=\"wp-block-spacer\"><\/div>\n\n\n\n<p class=\"has-text-align-left has-text-color\" style=\"color:#389c9c;font-size:30px;font-style:normal;font-weight:800\">Darmgesundheit<\/p>\n\n\n\n<p>Die Spitex ist in erster Linie f\u00fcr die Pflege und Betreuung von Menschen au\u00dferhalb von medizinischen Einrichtungen zust\u00e4ndig. Bei der Darmgesundheit kann die Spitex jedoch eine wichtige Rolle spielen, indem sie auf eine ausgewogene Ern\u00e4hrung und eine gesunde Lebensweise hinweist und bei der Umsetzung unterst\u00fctzt.<\/p>\n\n\n\n<div style=\"height:48px\" aria-hidden=\"true\" class=\"wp-block-spacer\"><\/div>\n\n\n\n<div class=\"wp-block-buttons alignwide is-layout-flex wp-block-buttons-is-layout-flex\">\n<div class=\"wp-block-button has-custom-width wp-block-button__width-100 has-custom-font-size has-large-font-size\"><a class=\"wp-block-button__link wp-element-button\" href=\"https:\/\/www.nurse4you.ch\/index.php\/kontakt\/\" target=\"_blank\" rel=\"noreferrer noopener\">Kontaktieren Sie uns<\/a><\/div>\n<\/div>\n\n\n\n<div style=\"height:130px\" aria-hidden=\"true\" class=\"wp-block-spacer\"><\/div>\n","protected":false},"excerpt":{"rendered":"<p>Unser Angebot Als Kompetenzzentrum f\u00fcr Gesundheit f\u00f6rdert, unterst\u00fctzt und erm\u00f6glicht Nurse4You mit ihren Leistungen das Wohnen und Leben zu Hause f\u00fcr Menschen, die der Hilfe, Pflege, Behandlung, Betreuung, Begleitung und Beratung sowie der Hilfe zur Selbsthilfe bed\u00fcrfen.&nbsp; &#8211; Allgemeine Beratung &#8211; Wund Behandlung (inkl. Laser) &#8211; Lasertherapie &#8211; Darmgesundheit &#8211; Diabetes Beratung &#8211; Demenzbetreuung &#8211; [&hellip;]<\/p>\n","protected":false},"author":2,"featured_media":0,"parent":0,"menu_order":0,"comment_status":"closed","ping_status":"closed","template":"","meta":{"footnotes":""},"class_list":["post-55","page","type-page","status-publish","hentry"],"_links":{"self":[{"href":"https:\/\/www.nurse4you.ch\/index.php\/wp-json\/wp\/v2\/pages\/55"}],"collection":[{"href":"https:\/\/www.nurse4you.ch\/index.php\/wp-json\/wp\/v2\/pages"}],"about":[{"href":"https:\/\/www.nurse4you.ch\/index.php\/wp-json\/wp\/v2\/types\/page"}],"author":[{"embeddable":true,"href":"https:\/\/www.nurse4you.ch\/index.php\/wp-json\/wp\/v2\/users\/2"}],"replies":[{"embeddable":true,"href":"https:\/\/www.nurse4you.ch\/index.php\/wp-json\/wp\/v2\/comments?post=55"}],"version-history":[{"count":38,"href":"https:\/\/www.nurse4you.ch\/index.php\/wp-json\/wp\/v2\/pages\/55\/revisions"}],"predecessor-version":[{"id":454,"href":"https:\/\/www.nurse4you.ch\/index.php\/wp-json\/wp\/v2\/pages\/55\/revisions\/454"}],"wp:attachment":[{"href":"https:\/\/www.nurse4you.ch\/index.php\/wp-json\/wp\/v2\/media?parent=55"}],"curies":[{"name":"wp","href":"https:\/\/api.w.org\/{rel}","templated":true}]}}