{"id":2,"date":"2020-04-20T12:50:01","date_gmt":"2020-04-20T12:50:01","guid":{"rendered":"https:\/\/www.nurse4you.ch\/?page_id=2"},"modified":"2023-08-29T11:57:38","modified_gmt":"2023-08-29T09:57:38","slug":"beispiel-seite","status":"publish","type":"page","link":"https:\/\/www.nurse4you.ch\/","title":{"rendered":"Home"},"content":{"rendered":"\n<p class=\"has-text-align-center has-text-color\" style=\"color:#389c9c;font-size:60px;font-style:normal;font-weight:800\"><strong>Herzlich Willkommen bei Nurse4You<\/strong><\/p>\n\n\n\n<p class=\"has-text-align-center has-text-color\" style=\"color:#389c9c;font-size:30px;font-style:normal;font-weight:300\">Ihr Zentrum f\u00fcr Gesundheitskompetenz an der Goldk\u00fcste<\/p>\n\n\n\n<div style=\"height:60px\" aria-hidden=\"true\" class=\"wp-block-spacer\"><\/div>\n\n\n\n<div class=\"wp-block-media-text alignwide is-stacked-on-mobile is-vertically-aligned-center\" style=\"grid-template-columns:49% auto\"><figure class=\"wp-block-media-text__media\"><img loading=\"lazy\" decoding=\"async\" width=\"750\" height=\"500\" src=\"https:\/\/www.nurse4you.ch\/wp-content\/uploads\/6ea34167-2dbb-4af5-b388-5d8703dd929b.webp\" alt=\"\" class=\"wp-image-414 size-full\" srcset=\"https:\/\/www.nurse4you.ch\/wp-content\/uploads\/6ea34167-2dbb-4af5-b388-5d8703dd929b.webp 750w, https:\/\/www.nurse4you.ch\/wp-content\/uploads\/6ea34167-2dbb-4af5-b388-5d8703dd929b-300x200.webp 300w\" sizes=\"(max-width: 750px) 100vw, 750px\" \/><\/figure><div class=\"wp-block-media-text__content\">\n<p style=\"font-size:18px\">Bei NURSE4YOU stehen unsere Kundinnen und Kunden im Zentrum unseres Handelns.&nbsp;<\/p>\n\n\n\n<p style=\"font-size:18px\">Durch hohe Professionalit\u00e4t und Empathie f\u00f6rdern wir als Kompetenzzentrum f\u00fcr Gesundheit ihre Unabh\u00e4ngigkeit und Selbst\u00e4ndigkeit und unterst\u00fctzen in verschiedenen Bereichen. Es ist uns ein Anliegen, die Patienten und Familien ganzheitlich zu sehen und sie bestm\u00f6glich zu versorgen.<\/p>\n\n\n\n<div style=\"height:19px\" aria-hidden=\"true\" class=\"wp-block-spacer\"><\/div>\n\n\n\n<div class=\"wp-block-buttons is-layout-flex wp-block-buttons-is-layout-flex\">\n<div class=\"wp-block-button has-custom-font-size is-style-fill has-medium-font-size\"><a class=\"wp-block-button__link wp-element-button\" href=\"https:\/\/www.nurse4you.ch\/index.php\/team\/\" target=\"_blank\" rel=\"noreferrer noopener\">Lernen Sie uns kennen! <\/a><\/div>\n<\/div>\n<\/div><\/div>\n\n\n\n<div style=\"height:55px\" aria-hidden=\"true\" class=\"wp-block-spacer\"><\/div>\n\n\n\n<p class=\"has-text-align-left has-text-color\" style=\"color:#389c9c;font-size:40px;font-style:normal;font-weight:800\">Unser Angebot<\/p>\n\n\n\n<p style=\"font-size:18px\">NURSE4YOU f\u00f6rdert, unterst\u00fctzt und erm\u00f6glicht mit ihren Leistungen das Wohnen und Leben zu Hause f\u00fcr Menschen, die der Hilfe, Pflege, Behandlung, Betreuung, Begleitung und Beratung sowie der Hilfe zur Selbsthilfe bed\u00fcrfen. <\/p>\n\n\n\n<p style=\"font-size:18px\">Die Unterst\u00fctzung erfolgt nach dem Grundsatz: <br>\u00abSo viel Selbst\u00e4ndigkeit wie m\u00f6glich, so viele Dienstleistungen wie notwendig\u00bb.<br><\/p>\n\n\n\n<p class=\"has-text-color\" style=\"color:#389c9c;font-size:20px;font-style:normal;font-weight:600\">Wir stehen Patient:innen und Angeh\u00f6rigen mit verschiedenen Dienstleistungen kompetent zur Seite:<\/p>\n\n\n\n<ul class=\"wp-block-list\">\n<li>Beratung<\/li>\n\n\n\n<li>Wundbehandlung<\/li>\n\n\n\n<li>Laser-Behandlung<\/li>\n\n\n\n<li>Diabetes-Beratung <\/li>\n\n\n\n<li>Darmgesundheit<\/li>\n\n\n\n<li>Pflege<\/li>\n\n\n\n<li>Demenz-Betreuung<\/li>\n<\/ul>\n\n\n\n<div class=\"wp-block-buttons is-layout-flex wp-block-buttons-is-layout-flex\">\n<div class=\"wp-block-button\"><a class=\"wp-block-button__link wp-element-button\" href=\"https:\/\/www.nurse4you.ch\/index.php\/angebot\/\">Erfahren Sie mehr<\/a><\/div>\n<\/div>\n\n\n\n<div style=\"height:81px\" aria-hidden=\"true\" class=\"wp-block-spacer\"><\/div>\n","protected":false},"excerpt":{"rendered":"<p>Herzlich Willkommen bei Nurse4You Ihr Zentrum f\u00fcr Gesundheitskompetenz an der Goldk\u00fcste Unser Angebot NURSE4YOU f\u00f6rdert, unterst\u00fctzt und erm\u00f6glicht mit ihren Leistungen das Wohnen und Leben zu Hause f\u00fcr Menschen, die der Hilfe, Pflege, Behandlung, Betreuung, Begleitung und Beratung sowie der Hilfe zur Selbsthilfe bed\u00fcrfen. Die Unterst\u00fctzung erfolgt nach dem Grundsatz: \u00abSo viel Selbst\u00e4ndigkeit wie m\u00f6glich, [&hellip;]<\/p>\n","protected":false},"author":1,"featured_media":0,"parent":0,"menu_order":0,"comment_status":"closed","ping_status":"open","template":"","meta":{"footnotes":""},"class_list":["post-2","page","type-page","status-publish","hentry"],"_links":{"self":[{"href":"https:\/\/www.nurse4you.ch\/index.php\/wp-json\/wp\/v2\/pages\/2"}],"collection":[{"href":"https:\/\/www.nurse4you.ch\/index.php\/wp-json\/wp\/v2\/pages"}],"about":[{"href":"https:\/\/www.nurse4you.ch\/index.php\/wp-json\/wp\/v2\/types\/page"}],"author":[{"embeddable":true,"href":"https:\/\/www.nurse4you.ch\/index.php\/wp-json\/wp\/v2\/users\/1"}],"replies":[{"embeddable":true,"href":"https:\/\/www.nurse4you.ch\/index.php\/wp-json\/wp\/v2\/comments?post=2"}],"version-history":[{"count":69,"href":"https:\/\/www.nurse4you.ch\/index.php\/wp-json\/wp\/v2\/pages\/2\/revisions"}],"predecessor-version":[{"id":445,"href":"https:\/\/www.nurse4you.ch\/index.php\/wp-json\/wp\/v2\/pages\/2\/revisions\/445"}],"wp:attachment":[{"href":"https:\/\/www.nurse4you.ch\/index.php\/wp-json\/wp\/v2\/media?parent=2"}],"curies":[{"name":"wp","href":"https:\/\/api.w.org\/{rel}","templated":true}]}}