{"id":113,"date":"2019-04-18T15:25:19","date_gmt":"2019-04-18T15:25:19","guid":{"rendered":"https:\/\/demosites.io\/doctors\/?page_id=113"},"modified":"2023-09-11T18:53:17","modified_gmt":"2023-09-11T16:53:17","slug":"praxis","status":"publish","type":"page","link":"https:\/\/www.nurse4you.ch\/index.php\/praxis\/","title":{"rendered":"Praxis"},"content":{"rendered":"\n<p class=\"has-text-align-left has-text-color\" style=\"color:#389c9c;font-size:60px;font-style:normal;font-weight:800\"><strong>Unsere Praxis<\/strong><\/p>\n\n\n\n<p class=\"has-text-align-left\">Unser Behandlungsraum erm\u00f6glicht eine fachgerechte medizinische Versorgung von Wunden und bietet einen ruhigen Rahmen f\u00fcr Beratungsgespr\u00e4che und Abkl\u00e4rungen.&nbsp;<\/p>\n\n\n\n<p class=\"has-text-align-left\" style=\"font-size:18px\">Die Spitexpraxis Nurse4You befindet sich an der <strong>Seestrasse 39, 8703 Erlenbach<\/strong> und ist gut mit \u00f6ffentlichen Verkehrsmitteln (N\u00e4he Bahnhof Erlenbach) erreichbar. <\/p>\n\n\n\n<p class=\"has-text-align-left\" style=\"font-size:18px\">Parkpl\u00e4tze sind vorhanden (auch Behindertenparkplatz).<\/p>\n\n\n\n<div class=\"wp-block-buttons is-layout-flex wp-block-buttons-is-layout-flex\"><\/div>\n\n\n\n<div style=\"height:74px\" aria-hidden=\"true\" class=\"wp-block-spacer\"><\/div>\n\n\n\n<figure class=\"wp-block-gallery has-nested-images columns-default is-cropped wp-block-gallery-2 is-layout-flex wp-block-gallery-is-layout-flex\"><\/figure>\n\n\n\n<div style=\"height:75px\" aria-hidden=\"true\" class=\"wp-block-spacer\"><\/div>\n","protected":false},"excerpt":{"rendered":"<p>Unsere Praxis<\/p>\n","protected":false},"author":2,"featured_media":0,"parent":0,"menu_order":0,"comment_status":"closed","ping_status":"closed","template":"","meta":{"footnotes":""},"class_list":["post-113","page","type-page","status-publish","hentry"],"_links":{"self":[{"href":"https:\/\/www.nurse4you.ch\/index.php\/wp-json\/wp\/v2\/pages\/113"}],"collection":[{"href":"https:\/\/www.nurse4you.ch\/index.php\/wp-json\/wp\/v2\/pages"}],"about":[{"href":"https:\/\/www.nurse4you.ch\/index.php\/wp-json\/wp\/v2\/types\/page"}],"author":[{"embeddable":true,"href":"https:\/\/www.nurse4you.ch\/index.php\/wp-json\/wp\/v2\/users\/2"}],"replies":[{"embeddable":true,"href":"https:\/\/www.nurse4you.ch\/index.php\/wp-json\/wp\/v2\/comments?post=113"}],"version-history":[{"count":18,"href":"https:\/\/www.nurse4you.ch\/index.php\/wp-json\/wp\/v2\/pages\/113\/revisions"}],"predecessor-version":[{"id":457,"href":"https:\/\/www.nurse4you.ch\/index.php\/wp-json\/wp\/v2\/pages\/113\/revisions\/457"}],"wp:attachment":[{"href":"https:\/\/www.nurse4you.ch\/index.php\/wp-json\/wp\/v2\/media?parent=113"}],"curies":[{"name":"wp","href":"https:\/\/api.w.org\/{rel}","templated":true}]}}